{"id":101,"date":"2018-03-21T09:07:56","date_gmt":"2018-03-21T08:07:56","guid":{"rendered":"http:\/\/physio-bardoux.de\/content\/?page_id=101"},"modified":"2018-06-13T10:47:07","modified_gmt":"2018-06-13T08:47:07","slug":"datenschutzerklaerung","status":"publish","type":"page","link":"https:\/\/physio-bardoux.de\/content\/datenschutzerklaerung\/","title":{"rendered":"Datenschutzerkl\u00e4rung"},"content":{"rendered":"<h1>Patienten-\/ Kundeninformation zum Datenschutz<\/h1>\n<p>Sehr geehrte Patientin, sehr geehrter Patient,<br \/>\nder Schutz Ihrer Daten ist uns sehr wichtig. Nach dem Datenschutzrecht sind wir verpflichtet Sie daru\u0308ber zu informieren, fu\u0308r welche Zwecke wir Ihre Daten verwenden.<\/p>\n<h3>Verantwortlicher fu\u0308r die Datenverarbeitung<\/h3>\n<p>Physiotherapie <span class='tooltipsall tooltipsincontent classtoolTips2'>Steffen Bardoux<\/span><br \/>\nGustav-Adolf-Str.17<br \/>\n04105 Leipzig<\/p>\n<h3>Zwecke der Verarbeitung<\/h3>\n<p>Wir erheben und verarbeiten Ihre Daten zu folgenden Zwecken: Durchfu\u0308hrung von Heilbehandlungen durch Abgabe von Heilmitteln<\/p>\n<p>Fu\u0308r die Abgabe von Heilmitteln ist unsere Einrichtung in die vertrags\u00e4rztliche Versorgung mit Heilmitteln als zugelassene Leistungserbringerin eingebunden (Kassenzulassung). \u00dcber Rahmenvertr\u00e4ge sind wir f\u00fcr die Abrechnung von Leistungen gegenu\u0308ber den gesetzlichen Krankenkassen verpflichtet, folgende Informationen bereitzustellen: Abrechnungsdaten, Urbelege (Rezepte) im Original.<\/p>\n<h3>Dauer der Aufbewahrung<\/h3>\n<p>Aufgrund rechtlicher Vorgaben sind wir dazu verpflichtet, diese Daten mindestens 10 Jahre nach Abschluss der Behandlung \/ Dienstleistung aufzubewahren.<\/p>\n<h3>Empf\u00e4nger Ihrer Daten<\/h3>\n<p>Wir behandeln alle Daten mit einem H\u00f6chstma\u00df an Vertraulichkeit und Diskretion. Eine Weitergabe Ihrer Daten findet an Ihre behandelnden \u00c4rztinnen und Arzte und an Ihre Krankenversicherung (wenn gesetzlich versichert) statt. Hierzu sind wir gesetzlich verpflichtet.<\/p>\n<p>Fu\u0308r die Abrechnung werden die Daten an folgendes Abrechnungszentrum weitergegeben:<\/p>\n<p>NOVENTI HealthCare GmbH<br \/>\nPostfach 1255, 85606 Aschheim.<\/p>\n<p>Dies erfolgt aus unserem eigenen Interesse. Es gibt eine gro\u00dfe Zahl an gesetzlichen Krankenkassen und unsere Patienten sind bei unterschiedlichen Krankenkassen. Die Inanspruchnahme des Abrechnungszentrums erlaubt uns, den Vorgang der Abrechnung stark zu vereinfachen, damit mehr Zeit fu\u0308r Sie und die Therapie verbleibt.<\/p>\n<p>Sollten sich aus Ihrer besonderen Situation Gru\u0308nde ergeben, warum Sie mit der Datenweitergabe an das Abrechnungszentrum nicht einverstanden sind, steht Ihnen das Recht zu, der Datenweitergabe zu widersprechen.<\/p>\n<h3>Rechtsgrundlage<\/h3>\n<p>Die Rechtsgrundlage fu\u0308r die Datenverarbeitung in unserer Einrichtung ist der zwischen Ihnen und uns bestehende Behandlungs- bzw. Dienstleistungsvertrag (Art. 6 Abs. 1 b DSGVO, i.V.m. Art. 9 Abs. 2 h, Abs 3 DSGVO und \u00a722 Abs. 2 Nr. 1 b BDSG), uns bindende sozialgesetzliche- und rahmenvertragliche Vorgaben sowie die Verarbeitung zur Erfu\u0308llung eigener Gesch\u00e4ftszwecke (Art. 6 Abs. 1f DSGVO).<\/p>\n<h3>Beschwerderecht<\/h3>\n<p>Nach dem Datenschutzgesetz steht Ihnen das Recht zu, sich im Falle von Verletzungen Ihrer Rechte bei der zust\u00e4ndigen Aufsichtsbeh\u00f6rde zu beschweren.<\/p>\n<p>Mit freundlichem Gru\u00df<br \/>\nIhr Praxisteam<\/p>\n<script type=\"text\/javascript\"> toolTips('.classtoolTips2','Diplom-Sportlehrer\/Sporttherapeut<br\/>Physiotherapeut seit 2001<br\/>Osteopath seit 2010<br\/>Heilpraktiker auf dem Gebiet der Physiotherapie<br\/>Manuelle Therapie<br\/>Manuelle Lymphdrainage<br\/>Krankengymnastik am Ger\u00e4t<br\/>Myofasciale Integration<br\/>Wirbels\u00e4ulentherapie nach McKenzie'); <\/script>","protected":false},"excerpt":{"rendered":"<p>Patienten-\/ Kundeninformation zum Datenschutz Sehr geehrte Patientin, sehr geehrter Patient, der Schutz Ihrer Daten ist uns sehr wichtig. Nach dem Datenschutzrecht sind wir verpflichtet Sie daru\u0308ber zu informieren, fu\u0308r welche Zwecke wir Ihre Daten verwenden. Verantwortlicher fu\u0308r die Datenverarbeitung Physiotherapie&#8230;<br \/><a class=\"read-more-button\" href=\"https:\/\/physio-bardoux.de\/content\/datenschutzerklaerung\/\">Mehr Lesen<\/a><\/p>\n","protected":false},"author":1,"featured_media":0,"parent":0,"menu_order":0,"comment_status":"closed","ping_status":"closed","template":"","meta":{"footnotes":""},"class_list":["post-101","page","type-page","status-publish","hentry","gallery-content-unit"],"yoast_head":"<!-- This site is optimized with the Yoast SEO plugin v27.4 - https:\/\/yoast.com\/product\/yoast-seo-wordpress\/ -->\n<title>Datenschutzerkl\u00e4rung - Physiotherapie - Steffen Bardoux<\/title>\n<meta name=\"robots\" content=\"index, follow, max-snippet:-1, max-image-preview:large, max-video-preview:-1\" \/>\n<link rel=\"canonical\" href=\"https:\/\/physio-bardoux.de\/content\/datenschutzerklaerung\/\" \/>\n<meta property=\"og:locale\" content=\"de_DE\" \/>\n<meta property=\"og:type\" content=\"article\" \/>\n<meta property=\"og:title\" content=\"Datenschutzerkl\u00e4rung - Physiotherapie - Steffen Bardoux\" \/>\n<meta property=\"og:description\" content=\"Patienten-\/ Kundeninformation zum Datenschutz Sehr geehrte Patientin, sehr geehrter Patient, der Schutz Ihrer Daten ist uns sehr wichtig. Nach dem Datenschutzrecht sind wir verpflichtet Sie daru\u0308ber zu informieren, fu\u0308r welche Zwecke wir Ihre Daten verwenden. Verantwortlicher fu\u0308r die Datenverarbeitung Physiotherapie...Mehr Lesen\" \/>\n<meta property=\"og:url\" content=\"https:\/\/physio-bardoux.de\/content\/datenschutzerklaerung\/\" \/>\n<meta property=\"og:site_name\" content=\"Physiotherapie - Steffen Bardoux\" \/>\n<meta property=\"article:modified_time\" content=\"2018-06-13T08:47:07+00:00\" \/>\n<meta name=\"twitter:card\" content=\"summary_large_image\" \/>\n<meta name=\"twitter:label1\" content=\"Gesch\u00e4tzte Lesezeit\" \/>\n\t<meta name=\"twitter:data1\" content=\"2\u00a0Minuten\" \/>\n<script type=\"application\/ld+json\" class=\"yoast-schema-graph\">{\"@context\":\"https:\\\/\\\/schema.org\",\"@graph\":[{\"@type\":\"WebPage\",\"@id\":\"https:\\\/\\\/physio-bardoux.de\\\/content\\\/datenschutzerklaerung\\\/\",\"url\":\"https:\\\/\\\/physio-bardoux.de\\\/content\\\/datenschutzerklaerung\\\/\",\"name\":\"Datenschutzerkl\u00e4rung - Physiotherapie - Steffen Bardoux\",\"isPartOf\":{\"@id\":\"https:\\\/\\\/physio-bardoux.de\\\/content\\\/#website\"},\"datePublished\":\"2018-03-21T08:07:56+00:00\",\"dateModified\":\"2018-06-13T08:47:07+00:00\",\"breadcrumb\":{\"@id\":\"https:\\\/\\\/physio-bardoux.de\\\/content\\\/datenschutzerklaerung\\\/#breadcrumb\"},\"inLanguage\":\"de\",\"potentialAction\":[{\"@type\":\"ReadAction\",\"target\":[\"https:\\\/\\\/physio-bardoux.de\\\/content\\\/datenschutzerklaerung\\\/\"]}]},{\"@type\":\"BreadcrumbList\",\"@id\":\"https:\\\/\\\/physio-bardoux.de\\\/content\\\/datenschutzerklaerung\\\/#breadcrumb\",\"itemListElement\":[{\"@type\":\"ListItem\",\"position\":1,\"name\":\"Startseite\",\"item\":\"https:\\\/\\\/physio-bardoux.de\\\/content\\\/\"},{\"@type\":\"ListItem\",\"position\":2,\"name\":\"Datenschutzerkl\u00e4rung\"}]},{\"@type\":\"WebSite\",\"@id\":\"https:\\\/\\\/physio-bardoux.de\\\/content\\\/#website\",\"url\":\"https:\\\/\\\/physio-bardoux.de\\\/content\\\/\",\"name\":\"Physiotherapie - Steffen Bardoux\",\"description\":\"\",\"potentialAction\":[{\"@type\":\"SearchAction\",\"target\":{\"@type\":\"EntryPoint\",\"urlTemplate\":\"https:\\\/\\\/physio-bardoux.de\\\/content\\\/?s={search_term_string}\"},\"query-input\":{\"@type\":\"PropertyValueSpecification\",\"valueRequired\":true,\"valueName\":\"search_term_string\"}}],\"inLanguage\":\"de\"}]}<\/script>\n<!-- \/ Yoast SEO plugin. -->","yoast_head_json":{"title":"Datenschutzerkl\u00e4rung - Physiotherapie - Steffen Bardoux","robots":{"index":"index","follow":"follow","max-snippet":"max-snippet:-1","max-image-preview":"max-image-preview:large","max-video-preview":"max-video-preview:-1"},"canonical":"https:\/\/physio-bardoux.de\/content\/datenschutzerklaerung\/","og_locale":"de_DE","og_type":"article","og_title":"Datenschutzerkl\u00e4rung - Physiotherapie - Steffen Bardoux","og_description":"Patienten-\/ Kundeninformation zum Datenschutz Sehr geehrte Patientin, sehr geehrter Patient, der Schutz Ihrer Daten ist uns sehr wichtig. Nach dem Datenschutzrecht sind wir verpflichtet Sie daru\u0308ber zu informieren, fu\u0308r welche Zwecke wir Ihre Daten verwenden. Verantwortlicher fu\u0308r die Datenverarbeitung Physiotherapie...Mehr Lesen","og_url":"https:\/\/physio-bardoux.de\/content\/datenschutzerklaerung\/","og_site_name":"Physiotherapie - Steffen Bardoux","article_modified_time":"2018-06-13T08:47:07+00:00","twitter_card":"summary_large_image","twitter_misc":{"Gesch\u00e4tzte Lesezeit":"2\u00a0Minuten"},"schema":{"@context":"https:\/\/schema.org","@graph":[{"@type":"WebPage","@id":"https:\/\/physio-bardoux.de\/content\/datenschutzerklaerung\/","url":"https:\/\/physio-bardoux.de\/content\/datenschutzerklaerung\/","name":"Datenschutzerkl\u00e4rung - Physiotherapie - Steffen Bardoux","isPartOf":{"@id":"https:\/\/physio-bardoux.de\/content\/#website"},"datePublished":"2018-03-21T08:07:56+00:00","dateModified":"2018-06-13T08:47:07+00:00","breadcrumb":{"@id":"https:\/\/physio-bardoux.de\/content\/datenschutzerklaerung\/#breadcrumb"},"inLanguage":"de","potentialAction":[{"@type":"ReadAction","target":["https:\/\/physio-bardoux.de\/content\/datenschutzerklaerung\/"]}]},{"@type":"BreadcrumbList","@id":"https:\/\/physio-bardoux.de\/content\/datenschutzerklaerung\/#breadcrumb","itemListElement":[{"@type":"ListItem","position":1,"name":"Startseite","item":"https:\/\/physio-bardoux.de\/content\/"},{"@type":"ListItem","position":2,"name":"Datenschutzerkl\u00e4rung"}]},{"@type":"WebSite","@id":"https:\/\/physio-bardoux.de\/content\/#website","url":"https:\/\/physio-bardoux.de\/content\/","name":"Physiotherapie - Steffen Bardoux","description":"","potentialAction":[{"@type":"SearchAction","target":{"@type":"EntryPoint","urlTemplate":"https:\/\/physio-bardoux.de\/content\/?s={search_term_string}"},"query-input":{"@type":"PropertyValueSpecification","valueRequired":true,"valueName":"search_term_string"}}],"inLanguage":"de"}]}},"_links":{"self":[{"href":"https:\/\/physio-bardoux.de\/content\/wp-json\/wp\/v2\/pages\/101","targetHints":{"allow":["GET"]}}],"collection":[{"href":"https:\/\/physio-bardoux.de\/content\/wp-json\/wp\/v2\/pages"}],"about":[{"href":"https:\/\/physio-bardoux.de\/content\/wp-json\/wp\/v2\/types\/page"}],"author":[{"embeddable":true,"href":"https:\/\/physio-bardoux.de\/content\/wp-json\/wp\/v2\/users\/1"}],"replies":[{"embeddable":true,"href":"https:\/\/physio-bardoux.de\/content\/wp-json\/wp\/v2\/comments?post=101"}],"version-history":[{"count":3,"href":"https:\/\/physio-bardoux.de\/content\/wp-json\/wp\/v2\/pages\/101\/revisions"}],"predecessor-version":[{"id":125,"href":"https:\/\/physio-bardoux.de\/content\/wp-json\/wp\/v2\/pages\/101\/revisions\/125"}],"wp:attachment":[{"href":"https:\/\/physio-bardoux.de\/content\/wp-json\/wp\/v2\/media?parent=101"}],"curies":[{"name":"wp","href":"https:\/\/api.w.org\/{rel}","templated":true}]}}