{"id":46,"date":"2017-10-22T15:56:40","date_gmt":"2017-10-22T13:56:40","guid":{"rendered":"http:\/\/physio-bardoux.de\/content\/?page_id=46"},"modified":"2018-03-21T10:11:47","modified_gmt":"2018-03-21T09:11:47","slug":"leistungen","status":"publish","type":"page","link":"https:\/\/physio-bardoux.de\/content\/leistungen\/","title":{"rendered":"Unsere Leistungen"},"content":{"rendered":"<div class=\"column-group columns-2\">\n<div class=\"column column-number-1 column-span-1\"><p><strong>Kassenleistungen<\/strong><\/p>\n<p>Manuelle Therapie<br \/>\nOsteopathie<br \/>\nKrankengymnastik<br \/>\nGer\u00e4tegest\u00fctzte Krankengymnastik (KG Ger\u00e4t)<br \/>\nManuelle Lymphdrainage<br \/>\nCranio-Mandibul\u00e4re Behandlung (Kiefergelenk)<br \/>\nMassagen<br \/>\nUltraschalltherapie<br \/>\nW\u00e4rmetherapie mit Moor<br \/>\nElektrotherapie<br \/>\nK\u00e4ltetherapie<\/p>\n<\/div>\n<div class=\"column column-number-2 last column-span-1\"><p><strong>Privatleistungen<\/strong><\/p>\n<p>Medizinische Trainingstherapie<br \/>\nKinesio-Tape<br \/>\nEntspannungsmassagen<br \/>\nFu\u00dfreflexzonentherapie<br \/>\nKlangschalentherapie<\/p>\n<\/div>\n<\/div>\n","protected":false},"excerpt":{"rendered":"","protected":false},"author":1,"featured_media":0,"parent":0,"menu_order":2,"comment_status":"closed","ping_status":"closed","template":"","meta":{"footnotes":""},"class_list":["post-46","page","type-page","status-publish","hentry","gallery-content-unit"],"yoast_head":"<!-- This site is optimized with the Yoast SEO plugin v27.4 - https:\/\/yoast.com\/product\/yoast-seo-wordpress\/ -->\n<title>Unsere Leistungen - Physiotherapie - Steffen Bardoux<\/title>\n<meta name=\"robots\" content=\"index, follow, max-snippet:-1, max-image-preview:large, max-video-preview:-1\" \/>\n<link rel=\"canonical\" href=\"https:\/\/physio-bardoux.de\/content\/leistungen\/\" \/>\n<meta property=\"og:locale\" content=\"de_DE\" \/>\n<meta property=\"og:type\" content=\"article\" \/>\n<meta property=\"og:title\" content=\"Unsere Leistungen - Physiotherapie - Steffen Bardoux\" \/>\n<meta property=\"og:url\" content=\"https:\/\/physio-bardoux.de\/content\/leistungen\/\" \/>\n<meta property=\"og:site_name\" content=\"Physiotherapie - Steffen Bardoux\" \/>\n<meta property=\"article:modified_time\" content=\"2018-03-21T09:11:47+00:00\" \/>\n<meta name=\"twitter:card\" content=\"summary_large_image\" \/>\n<script type=\"application\/ld+json\" class=\"yoast-schema-graph\">{\"@context\":\"https:\\\/\\\/schema.org\",\"@graph\":[{\"@type\":\"WebPage\",\"@id\":\"https:\\\/\\\/physio-bardoux.de\\\/content\\\/leistungen\\\/\",\"url\":\"https:\\\/\\\/physio-bardoux.de\\\/content\\\/leistungen\\\/\",\"name\":\"Unsere Leistungen - Physiotherapie - Steffen Bardoux\",\"isPartOf\":{\"@id\":\"https:\\\/\\\/physio-bardoux.de\\\/content\\\/#website\"},\"datePublished\":\"2017-10-22T13:56:40+00:00\",\"dateModified\":\"2018-03-21T09:11:47+00:00\",\"breadcrumb\":{\"@id\":\"https:\\\/\\\/physio-bardoux.de\\\/content\\\/leistungen\\\/#breadcrumb\"},\"inLanguage\":\"de\",\"potentialAction\":[{\"@type\":\"ReadAction\",\"target\":[\"https:\\\/\\\/physio-bardoux.de\\\/content\\\/leistungen\\\/\"]}]},{\"@type\":\"BreadcrumbList\",\"@id\":\"https:\\\/\\\/physio-bardoux.de\\\/content\\\/leistungen\\\/#breadcrumb\",\"itemListElement\":[{\"@type\":\"ListItem\",\"position\":1,\"name\":\"Startseite\",\"item\":\"https:\\\/\\\/physio-bardoux.de\\\/content\\\/\"},{\"@type\":\"ListItem\",\"position\":2,\"name\":\"Unsere Leistungen\"}]},{\"@type\":\"WebSite\",\"@id\":\"https:\\\/\\\/physio-bardoux.de\\\/content\\\/#website\",\"url\":\"https:\\\/\\\/physio-bardoux.de\\\/content\\\/\",\"name\":\"Physiotherapie - Steffen Bardoux\",\"description\":\"\",\"potentialAction\":[{\"@type\":\"SearchAction\",\"target\":{\"@type\":\"EntryPoint\",\"urlTemplate\":\"https:\\\/\\\/physio-bardoux.de\\\/content\\\/?s={search_term_string}\"},\"query-input\":{\"@type\":\"PropertyValueSpecification\",\"valueRequired\":true,\"valueName\":\"search_term_string\"}}],\"inLanguage\":\"de\"}]}<\/script>\n<!-- \/ Yoast SEO plugin. -->","yoast_head_json":{"title":"Unsere Leistungen - Physiotherapie - Steffen Bardoux","robots":{"index":"index","follow":"follow","max-snippet":"max-snippet:-1","max-image-preview":"max-image-preview:large","max-video-preview":"max-video-preview:-1"},"canonical":"https:\/\/physio-bardoux.de\/content\/leistungen\/","og_locale":"de_DE","og_type":"article","og_title":"Unsere Leistungen - Physiotherapie - Steffen Bardoux","og_url":"https:\/\/physio-bardoux.de\/content\/leistungen\/","og_site_name":"Physiotherapie - Steffen Bardoux","article_modified_time":"2018-03-21T09:11:47+00:00","twitter_card":"summary_large_image","schema":{"@context":"https:\/\/schema.org","@graph":[{"@type":"WebPage","@id":"https:\/\/physio-bardoux.de\/content\/leistungen\/","url":"https:\/\/physio-bardoux.de\/content\/leistungen\/","name":"Unsere Leistungen - Physiotherapie - Steffen Bardoux","isPartOf":{"@id":"https:\/\/physio-bardoux.de\/content\/#website"},"datePublished":"2017-10-22T13:56:40+00:00","dateModified":"2018-03-21T09:11:47+00:00","breadcrumb":{"@id":"https:\/\/physio-bardoux.de\/content\/leistungen\/#breadcrumb"},"inLanguage":"de","potentialAction":[{"@type":"ReadAction","target":["https:\/\/physio-bardoux.de\/content\/leistungen\/"]}]},{"@type":"BreadcrumbList","@id":"https:\/\/physio-bardoux.de\/content\/leistungen\/#breadcrumb","itemListElement":[{"@type":"ListItem","position":1,"name":"Startseite","item":"https:\/\/physio-bardoux.de\/content\/"},{"@type":"ListItem","position":2,"name":"Unsere Leistungen"}]},{"@type":"WebSite","@id":"https:\/\/physio-bardoux.de\/content\/#website","url":"https:\/\/physio-bardoux.de\/content\/","name":"Physiotherapie - Steffen Bardoux","description":"","potentialAction":[{"@type":"SearchAction","target":{"@type":"EntryPoint","urlTemplate":"https:\/\/physio-bardoux.de\/content\/?s={search_term_string}"},"query-input":{"@type":"PropertyValueSpecification","valueRequired":true,"valueName":"search_term_string"}}],"inLanguage":"de"}]}},"_links":{"self":[{"href":"https:\/\/physio-bardoux.de\/content\/wp-json\/wp\/v2\/pages\/46","targetHints":{"allow":["GET"]}}],"collection":[{"href":"https:\/\/physio-bardoux.de\/content\/wp-json\/wp\/v2\/pages"}],"about":[{"href":"https:\/\/physio-bardoux.de\/content\/wp-json\/wp\/v2\/types\/page"}],"author":[{"embeddable":true,"href":"https:\/\/physio-bardoux.de\/content\/wp-json\/wp\/v2\/users\/1"}],"replies":[{"embeddable":true,"href":"https:\/\/physio-bardoux.de\/content\/wp-json\/wp\/v2\/comments?post=46"}],"version-history":[{"count":5,"href":"https:\/\/physio-bardoux.de\/content\/wp-json\/wp\/v2\/pages\/46\/revisions"}],"predecessor-version":[{"id":115,"href":"https:\/\/physio-bardoux.de\/content\/wp-json\/wp\/v2\/pages\/46\/revisions\/115"}],"wp:attachment":[{"href":"https:\/\/physio-bardoux.de\/content\/wp-json\/wp\/v2\/media?parent=46"}],"curies":[{"name":"wp","href":"https:\/\/api.w.org\/{rel}","templated":true}]}}